{"id":626,"date":"2017-09-12T09:21:03","date_gmt":"2017-09-12T07:21:03","guid":{"rendered":"http:\/\/www.lopanner.com\/brescia\/?page_id=626"},"modified":"2019-08-27T16:30:30","modified_gmt":"2019-08-27T14:30:30","slug":"mulino-di-camerate","status":"publish","type":"page","link":"https:\/\/www.lopanner.com\/brescia\/mulino-di-camerate\/","title":{"rendered":"Mulino di Camerate"},"content":{"rendered":"<p>[et_pb_section bb_built=&#8221;1&#8243; background_color=&#8221;#e02b20&#8243; fullwidth=&#8221;on&#8221; _builder_version=&#8221;3.0.66&#8243; global_module=&#8221;247&#8243;][et_pb_fullwidth_image admin_label=&#8221;Immagine a Larghezza Intera x desktop&#8221; global_parent=&#8221;247&#8243; src=&#8221;http:\/\/www.lopanner.com\/brescia\/wp-content\/uploads\/2017\/08\/img_forni3.jpg&#8221; animation=&#8221;off&#8221; _builder_version=&#8221;3.0.66&#8243; show_in_lightbox=&#8221;off&#8221; url_new_window=&#8221;off&#8221; use_overlay=&#8221;off&#8221; border_style=&#8221;solid&#8221; disabled=&#8221;off&#8221; disabled_on=&#8221;on|on|&#8221; \/][et_pb_fullwidth_image admin_label=&#8221;Immagine a Larghezza Intera x mobile&#8221; global_parent=&#8221;247&#8243; src=&#8221;http:\/\/www.lopanner.com\/brescia\/wp-content\/uploads\/2017\/09\/Pane_nero.jpg&#8221; animation=&#8221;off&#8221; _builder_version=&#8221;3.0.66&#8243; show_in_lightbox=&#8221;off&#8221; url_new_window=&#8221;off&#8221; use_overlay=&#8221;off&#8221; border_style=&#8221;solid&#8221; disabled=&#8221;off&#8221; disabled_on=&#8221;||on&#8221; \/][\/et_pb_section][et_pb_section bb_built=&#8221;1&#8243; custom_padding=&#8221;30px|0px|40px|0px&#8221; _builder_version=&#8221;3.0.47&#8243;][et_pb_row custom_padding=&#8221;32px|0px|15px|0px&#8221; _builder_version=&#8221;3.0.47&#8243; background_size=&#8221;initial&#8221; background_position=&#8221;top_left&#8221; background_repeat=&#8221;repeat&#8221;][et_pb_column type=&#8221;4_4&#8243;][et_pb_text admin_label=&#8221;NOME FORNO&#8221; _builder_version=&#8221;3.0.66&#8243; header_font_size=&#8221;40px&#8221; header_font_size_phone=&#8221;25px&#8221; header_font_size_last_edited=&#8221;on|phone&#8221;]<\/p>\n<h1 style=\"text-align: center;\"><strong><br \/>\nMulino di Camerate<\/strong><\/h1>\n<p>[\/et_pb_text][et_pb_text admin_label=&#8221;INDIRIZZO FORNO&#8221; _builder_version=&#8221;3.0.66&#8243;]<\/p>\n<h1 style=\"text-align: center;\"><strong>Via Camerate Valle delle Camerate,<br \/>\nToscolano Maderno &#8211; Brescia<\/strong><\/h1>\n<p>[\/et_pb_text][\/et_pb_column][\/et_pb_row][et_pb_row _builder_version=&#8221;3.0.66&#8243; background_size=&#8221;initial&#8221; background_position=&#8221;top_left&#8221; background_repeat=&#8221;repeat&#8221;][et_pb_column type=&#8221;4_4&#8243;][et_pb_text _builder_version=&#8221;3.0.66&#8243; text_font_size=&#8221;19&#8243; text_line_height=&#8221;1.8em&#8221; background_layout=&#8221;light&#8221; text_orientation=&#8221;left&#8221; border_style=&#8221;solid&#8221;]<\/p>\n<p>Il mulino delle Camerate \u00e8 un vecchio mulino, risalente al XVIII secolo, ma \u00e8 stato costruito sfruttando alcuni locali di una cartiera di probabili origini medievali. Recentemente restaurato, \u00e8 azionato solo per dimostrazioni didattiche. Conserva ancora intatto tutto l\u2019apparato per la molitura, risalente agli anni Cinquanta-Sessanta.\u00a0\u00c8 inserito all\u2019interno di un contesto storico-archeologico e naturalistico di grande suggestione, la valle delle Camerate, naturale prolungamento della Valle delle Cartiere di Toscolano Maderno, sede di cartiere, fucine e mulini dal bassomedioevo fino alla prima met\u00e0 del Novecento.<\/p>\n<p>&nbsp;<\/p>\n<table class=\"t1\" cellspacing=\"0\" cellpadding=\"0\">\n<tbody>\n<tr>\n<td class=\"td3\" valign=\"middle\">\n<p class=\"p1\"><b>Iniziative<br \/>\nFesta de<br \/>\nLo Pan Ner<br \/>\n<\/b><\/p>\n<\/td>\n<td class=\"td4\" valign=\"middle\">Sabato 13:<\/p>\n<p>Attivit\u00e0 didattica per bambini e famiglie con Visita Guidata al Mulino e laboratorio per bambini<\/td>\n<\/tr>\n<tr>\n<td class=\"td5\" valign=\"middle\">\n<p class=\"p1\"><b>Orari di apertura\u00a0<\/b><\/p>\n<\/td>\n<td class=\"td5\" valign=\"middle\">\u00a013 ottobre 2018: dalle 15.00<\/td>\n<\/tr>\n<tr>\n<td class=\"td3\" valign=\"middle\">\n<p class=\"p1\"><b>Link<\/b><\/p>\n<\/td>\n<td class=\"td4\" valign=\"middle\"><a href=\"http:\/\/www.valledellecartiere.it\" target=\"_blank\" rel=\"noopener noreferrer\">www.valledellecartiere.it<\/a><\/p>\n<p><a href=\"http:\/\/www.comune.toscolanomaderno.bs.it\" target=\"_blank\" rel=\"noopener noreferrer\">www.comune.toscolanomaderno.bs.it<\/a><\/td>\n<\/tr>\n<tr>\n<td class=\"td6\" valign=\"middle\">\n<p class=\"p1\"><b>\u00a0<\/b><\/p>\n<\/td>\n<td class=\"td6\" valign=\"middle\"><\/td>\n<\/tr>\n<\/tbody>\n<\/table>\n<p>[\/et_pb_text][\/et_pb_column][\/et_pb_row][\/et_pb_section][et_pb_section bb_built=&#8221;1&#8243; custom_padding=&#8221;0px|0px|64px|0px&#8221; _builder_version=&#8221;3.0.47&#8243;][et_pb_row make_fullwidth=&#8221;on&#8221; custom_width_px=&#8221;1041px&#8221; use_custom_gutter=&#8221;on&#8221; gutter_width=&#8221;1&#8243; custom_padding=&#8221;0px|0px|32px|0px&#8221; background_position_1=&#8221;top_left&#8221; background_repeat_1=&#8221;no-repeat&#8221; _builder_version=&#8221;3.0.66&#8243;][et_pb_column type=&#8221;4_4&#8243;][et_pb_gallery admin_label=&#8221;Galleria FOTO&#8221; gallery_ids=&#8221;627,628&#8243; posts_number=&#8221;10&#8243; show_title_and_caption=&#8221;off&#8221; show_pagination=&#8221;off&#8221; _builder_version=&#8221;3.0.66&#8243; \/][\/et_pb_column][\/et_pb_row][et_pb_row make_fullwidth=&#8221;on&#8221; use_custom_gutter=&#8221;on&#8221; gutter_width=&#8221;1&#8243; custom_padding=&#8221;32px|0px|22px|0px&#8221; background_position_1=&#8221;top_left&#8221; background_repeat_1=&#8221;no-repeat&#8221; _builder_version=&#8221;3.0.66&#8243; background_image=&#8221;https:\/\/www.lopanner.com\/brescia\/wp-content\/uploads\/2017\/09\/texture.png&#8221; background_position=&#8221;top_left&#8221; background_repeat=&#8221;repeat&#8221;][et_pb_column type=&#8221;4_4&#8243;][et_pb_text admin_label=&#8221;DOVE&#8221; _builder_version=&#8221;3.0.66&#8243;]<\/p>\n<h1 style=\"text-align: center;\"><strong>DOVE<\/strong><\/h1>\n<p>[\/et_pb_text][\/et_pb_column][\/et_pb_row][et_pb_row _builder_version=&#8221;3.0.47&#8243; background_size=&#8221;initial&#8221; background_position=&#8221;top_left&#8221; background_repeat=&#8221;repeat&#8221;][et_pb_column type=&#8221;4_4&#8243;][et_pb_code admin_label=&#8221;Codice GOOGLE CARTINA&#8221; _builder_version=&#8221;3.0.66&#8243;]&lt;iframe src=&#8221;https:\/\/www.google.com\/maps\/embed?pb=!1m14!1m8!1m3!1d40328.44910472086!2d10.5704126!3d45.6479934!3m2!1i1024!2i768!4f13.1!3m3!1m2!1s0x47818b864dff206b%3A0x3d000fa2353252bb!2sVia+Valle+delle+Cartiere%2C+25088+Toscolano+Maderno+BS!5e1!3m2!1sit!2sit!4v1475213575240&#8243; width=&#8221;100%&#8221; height=&#8221;450&#8243; frameborder=&#8221;0&#8243; style=&#8221;border:0&#8243; allowfullscreen&gt;&lt;\/iframe&gt;[\/et_pb_code][\/et_pb_column][\/et_pb_row][et_pb_row _builder_version=&#8221;3.0.66&#8243; background_position_1=&#8221;top_left&#8221; background_repeat_1=&#8221;no-repeat&#8221; global_module=&#8221;343&#8243;][et_pb_column type=&#8221;4_4&#8243;][et_pb_image admin_label=&#8221;LOGO INSTANGIBLE SEARCH&#8221; global_parent=&#8221;343&#8243; _builder_version=&#8221;3.0.66&#8243; src=&#8221;http:\/\/www.lopanner.com\/brescia\/wp-content\/uploads\/2017\/09\/intangiblesearch.png&#8221; show_in_lightbox=&#8221;off&#8221; url_new_window=&#8221;on&#8221; use_overlay=&#8221;off&#8221; sticky=&#8221;off&#8221; align=&#8221;center&#8221; always_center_on_mobile=&#8221;on&#8221; border_style=&#8221;solid&#8221; force_fullwidth=&#8221;off&#8221; animation=&#8221;off&#8221; url=&#8221;http:\/\/www.intangiblesearch.eu\/show_ich_detail.php?db_name=intangible_search&amp;lingua=italiano&amp;idk=ICH-DST00-0000000292&#8243; \/][et_pb_image admin_label=&#8221;LOGHI UNIONE EUROPEA&#8221; global_parent=&#8221;343&#8243; _builder_version=&#8221;3.0.66&#8243; src=&#8221;http:\/\/www.lopanner.com\/brescia\/wp-content\/uploads\/2017\/08\/SequenzaLoghi-2.jpg&#8221; show_in_lightbox=&#8221;off&#8221; url_new_window=&#8221;off&#8221; use_overlay=&#8221;off&#8221; sticky=&#8221;off&#8221; align=&#8221;center&#8221; always_center_on_mobile=&#8221;on&#8221; border_style=&#8221;solid&#8221; force_fullwidth=&#8221;off&#8221; animation=&#8221;off&#8221; \/][\/et_pb_column][\/et_pb_row][\/et_pb_section]<\/p>\n","protected":false},"excerpt":{"rendered":"<p>[et_pb_section bb_built=&#8221;1&#8243; background_color=&#8221;#e02b20&#8243; fullwidth=&#8221;on&#8221; _builder_version=&#8221;3.0.66&#8243; global_module=&#8221;247&#8243;][et_pb_fullwidth_image admin_label=&#8221;Immagine a Larghezza Intera x desktop&#8221; global_parent=&#8221;247&#8243; src=&#8221;http:\/\/www.lopanner.com\/brescia\/wp-content\/uploads\/2017\/08\/img_forni3.jpg&#8221; animation=&#8221;off&#8221; _builder_version=&#8221;3.0.66&#8243; show_in_lightbox=&#8221;off&#8221; url_new_window=&#8221;off&#8221; use_overlay=&#8221;off&#8221; border_style=&#8221;solid&#8221; disabled=&#8221;off&#8221; disabled_on=&#8221;on|on|&#8221; \/][et_pb_fullwidth_image admin_label=&#8221;Immagine a Larghezza Intera x mobile&#8221; global_parent=&#8221;247&#8243; src=&#8221;http:\/\/www.lopanner.com\/brescia\/wp-content\/uploads\/2017\/09\/Pane_nero.jpg&#8221; animation=&#8221;off&#8221; _builder_version=&#8221;3.0.66&#8243; show_in_lightbox=&#8221;off&#8221; url_new_window=&#8221;off&#8221; use_overlay=&#8221;off&#8221; border_style=&#8221;solid&#8221; disabled=&#8221;off&#8221; disabled_on=&#8221;||on&#8221; \/][\/et_pb_section][et_pb_section bb_built=&#8221;1&#8243; custom_padding=&#8221;30px|0px|40px|0px&#8221; _builder_version=&#8221;3.0.47&#8243;][et_pb_row custom_padding=&#8221;32px|0px|15px|0px&#8221; _builder_version=&#8221;3.0.47&#8243; background_size=&#8221;initial&#8221; background_position=&#8221;top_left&#8221; background_repeat=&#8221;repeat&#8221;][et_pb_column type=&#8221;4_4&#8243;][et_pb_text admin_label=&#8221;NOME FORNO&#8221; _builder_version=&#8221;3.0.66&#8243; header_font_size=&#8221;40px&#8221; header_font_size_phone=&#8221;25px&#8221; header_font_size_last_edited=&#8221;on|phone&#8221;] [&hellip;]<\/p>\n","protected":false},"author":1,"featured_media":0,"parent":0,"menu_order":0,"comment_status":"closed","ping_status":"closed","template":"","meta":{"_et_pb_use_builder":"on","_et_pb_old_content":"","_et_gb_content_width":""},"_links":{"self":[{"href":"https:\/\/www.lopanner.com\/brescia\/wp-json\/wp\/v2\/pages\/626"}],"collection":[{"href":"https:\/\/www.lopanner.com\/brescia\/wp-json\/wp\/v2\/pages"}],"about":[{"href":"https:\/\/www.lopanner.com\/brescia\/wp-json\/wp\/v2\/types\/page"}],"author":[{"embeddable":true,"href":"https:\/\/www.lopanner.com\/brescia\/wp-json\/wp\/v2\/users\/1"}],"replies":[{"embeddable":true,"href":"https:\/\/www.lopanner.com\/brescia\/wp-json\/wp\/v2\/comments?post=626"}],"version-history":[{"count":7,"href":"https:\/\/www.lopanner.com\/brescia\/wp-json\/wp\/v2\/pages\/626\/revisions"}],"predecessor-version":[{"id":1127,"href":"https:\/\/www.lopanner.com\/brescia\/wp-json\/wp\/v2\/pages\/626\/revisions\/1127"}],"wp:attachment":[{"href":"https:\/\/www.lopanner.com\/brescia\/wp-json\/wp\/v2\/media?parent=626"}],"curies":[{"name":"wp","href":"https:\/\/api.w.org\/{rel}","templated":true}]}}