{"id":640,"date":"2017-09-12T09:31:58","date_gmt":"2017-09-12T07:31:58","guid":{"rendered":"http:\/\/www.lopanner.com\/brescia\/?page_id=640"},"modified":"2020-09-24T15:51:36","modified_gmt":"2020-09-24T13:51:36","slug":"mulino-di-bienno","status":"publish","type":"page","link":"https:\/\/www.lopanner.com\/brescia\/mulino-di-bienno\/","title":{"rendered":"Mulino di Bienno"},"content":{"rendered":"<p>[et_pb_section fb_built=&#8221;1&#8243; fullwidth=&#8221;on&#8221; _builder_version=&#8221;3.0.66&#8243; background_color=&#8221;#e02b20&#8243; global_module=&#8221;247&#8243;][et_pb_fullwidth_image src=&#8221;https:\/\/www.lopanner.com\/brescia\/wp-content\/uploads\/2017\/08\/img_forni3.jpg&#8221; disabled_on=&#8221;on|on|&#8221; admin_label=&#8221;Immagine a Larghezza Intera x desktop&#8221; _builder_version=&#8221;3.0.87&#8243; animation=&#8221;off&#8221; border_style=&#8221;solid&#8221;][\/et_pb_fullwidth_image][et_pb_fullwidth_image src=&#8221;https:\/\/www.lopanner.com\/brescia\/wp-content\/uploads\/2017\/09\/Pane_nero.jpg&#8221; disabled_on=&#8221;||on&#8221; admin_label=&#8221;Immagine a Larghezza Intera x mobile&#8221; _builder_version=&#8221;3.0.87&#8243; animation=&#8221;off&#8221; border_style=&#8221;solid&#8221;][\/et_pb_fullwidth_image][\/et_pb_section][et_pb_section fb_built=&#8221;1&#8243; _builder_version=&#8221;3.22&#8243; custom_padding=&#8221;30px|0px|40px|0px&#8221;][et_pb_row _builder_version=&#8221;3.25&#8243; background_size=&#8221;initial&#8221; background_position=&#8221;top_left&#8221; background_repeat=&#8221;repeat&#8221; custom_padding=&#8221;32px|0px|15px|0px&#8221;][et_pb_column type=&#8221;4_4&#8243; _builder_version=&#8221;3.0.47&#8243; custom_padding=&#8221;|||&#8221; custom_padding__hover=&#8221;|||&#8221;][et_pb_text admin_label=&#8221;NOME FORNO&#8221; _builder_version=&#8221;3.27.4&#8243; header_font_size=&#8221;40px&#8221; header_font_size_tablet=&#8221;&#8221; header_font_size_phone=&#8221;25px&#8221; header_font_size_last_edited=&#8221;on|phone&#8221;]<\/p>\n<h1 style=\"text-align: center;\"><strong><br \/>\nMulino di Bienno<\/strong><\/h1>\n<p>[\/et_pb_text][et_pb_text admin_label=&#8221;INDIRIZZO FORNO&#8221; _builder_version=&#8221;3.27.4&#8243;]<\/p>\n<h1 style=\"text-align: center;\"><strong>Via Glere, Bienno &#8211; Brescia<\/strong><\/h1>\n<p>[\/et_pb_text][\/et_pb_column][\/et_pb_row][et_pb_row _builder_version=&#8221;3.29.1&#8243; background_size=&#8221;initial&#8221; background_position=&#8221;top_left&#8221; background_repeat=&#8221;repeat&#8221; z_index_tablet=&#8221;500&#8243; box_shadow_horizontal_tablet=&#8221;0px&#8221; box_shadow_vertical_tablet=&#8221;0px&#8221; box_shadow_blur_tablet=&#8221;40px&#8221; box_shadow_spread_tablet=&#8221;0px&#8221; column_structure=&#8221;3_5,2_5&#8243;][et_pb_column type=&#8221;3_5&#8243; _builder_version=&#8221;3.0.47&#8243; custom_padding=&#8221;|||&#8221; custom_padding__hover=&#8221;|||&#8221;][et_pb_text _builder_version=&#8221;3.29.1&#8243; text_font_size=&#8221;19px&#8221; text_line_height=&#8221;1.8em&#8221; z_index_tablet=&#8221;500&#8243; text_text_shadow_horizontal_length_tablet=&#8221;0px&#8221; text_text_shadow_vertical_length_tablet=&#8221;0px&#8221; text_text_shadow_blur_strength_tablet=&#8221;1px&#8221; link_text_shadow_horizontal_length_tablet=&#8221;0px&#8221; link_text_shadow_vertical_length_tablet=&#8221;0px&#8221; link_text_shadow_blur_strength_tablet=&#8221;1px&#8221; ul_text_shadow_horizontal_length_tablet=&#8221;0px&#8221; ul_text_shadow_vertical_length_tablet=&#8221;0px&#8221; ul_text_shadow_blur_strength_tablet=&#8221;1px&#8221; ol_text_shadow_horizontal_length_tablet=&#8221;0px&#8221; ol_text_shadow_vertical_length_tablet=&#8221;0px&#8221; ol_text_shadow_blur_strength_tablet=&#8221;1px&#8221; quote_text_shadow_horizontal_length_tablet=&#8221;0px&#8221; quote_text_shadow_vertical_length_tablet=&#8221;0px&#8221; quote_text_shadow_blur_strength_tablet=&#8221;1px&#8221; header_text_shadow_horizontal_length_tablet=&#8221;0px&#8221; header_text_shadow_vertical_length_tablet=&#8221;0px&#8221; header_text_shadow_blur_strength_tablet=&#8221;1px&#8221; header_2_text_shadow_horizontal_length_tablet=&#8221;0px&#8221; header_2_text_shadow_vertical_length_tablet=&#8221;0px&#8221; header_2_text_shadow_blur_strength_tablet=&#8221;1px&#8221; header_3_text_shadow_horizontal_length_tablet=&#8221;0px&#8221; header_3_text_shadow_vertical_length_tablet=&#8221;0px&#8221; header_3_text_shadow_blur_strength_tablet=&#8221;1px&#8221; header_4_text_shadow_horizontal_length_tablet=&#8221;0px&#8221; header_4_text_shadow_vertical_length_tablet=&#8221;0px&#8221; header_4_text_shadow_blur_strength_tablet=&#8221;1px&#8221; header_5_text_shadow_horizontal_length_tablet=&#8221;0px&#8221; header_5_text_shadow_vertical_length_tablet=&#8221;0px&#8221; header_5_text_shadow_blur_strength_tablet=&#8221;1px&#8221; header_6_text_shadow_horizontal_length_tablet=&#8221;0px&#8221; header_6_text_shadow_vertical_length_tablet=&#8221;0px&#8221; header_6_text_shadow_blur_strength_tablet=&#8221;1px&#8221; box_shadow_horizontal_tablet=&#8221;0px&#8221; box_shadow_vertical_tablet=&#8221;0px&#8221; box_shadow_blur_tablet=&#8221;40px&#8221; box_shadow_spread_tablet=&#8221;0px&#8221;]<\/p>\n<p>La ricchezza principale di Bienno era, in passato, la grande quantit\u00e0 di acqua, che azionava fucine, segherie, falegnamerie e mulini. Il mulino museo, situato in una costruzione del 1400 e di propriet\u00e0 comunale, \u00e8 gestito dalla famiglia De Nage da quasi 200 anni. La struttura \u00e8 ancora originale in tutte le sue parti. Al piano inferiore, all\u2019interno del Mulino funzionante, si trova la Mugnaia Francesca che con l\u2019aiuto del marito Battista tengono in vita questo bellissimo luogo. Al piano superiore, all\u2019interno del Museo di vita contadina, troviamo Lorenzo che veglia sulle collezioni di oggetti e illustra i passaggi della cerealicoltura ai turisti con l\u2019aiuto degli animatori culturali.<\/p>\n<p>\u00a0<\/p>\n<p>[\/et_pb_text][\/et_pb_column][et_pb_column type=&#8221;2_5&#8243; _builder_version=&#8221;3.0.47&#8243; custom_padding=&#8221;|||&#8221; custom_padding__hover=&#8221;|||&#8221;][et_pb_button button_url=&#8221;https:\/\/www.lopanner.com\/brescia\/wp-content\/uploads\/2019\/10\/PROGRAMMA-MULINO-DI-Bienno-LOPANNER-2019.pdf&#8221; url_new_window=&#8221;on&#8221; button_text=&#8221;Programma 2019 (PDF)&#8221; disabled_on=&#8221;on|on|on&#8221; admin_label=&#8221;Pulsante Programma 2019&#8243; _builder_version=&#8221;3.29.1&#8243; custom_button=&#8221;on&#8221; button_bg_color=&#8221;#024e64&#8243; background_layout=&#8221;dark&#8221; z_index_tablet=&#8221;500&#8243; button_text_shadow_horizontal_length_tablet=&#8221;0px&#8221; button_text_shadow_vertical_length_tablet=&#8221;0px&#8221; button_text_shadow_blur_strength_tablet=&#8221;1px&#8221; box_shadow_horizontal_tablet=&#8221;0px&#8221; box_shadow_vertical_tablet=&#8221;0px&#8221; box_shadow_blur_tablet=&#8221;40px&#8221; box_shadow_spread_tablet=&#8221;0px&#8221; disabled=&#8221;on&#8221;][\/et_pb_button][et_pb_button button_url=&#8221;http:\/\/www.bienno.gov.it\/pages\/home.asp&#8221; url_new_window=&#8221;on&#8221; button_text=&#8221;SITO INTERNET&#8221; disabled_on=&#8221;off|off|off&#8221; admin_label=&#8221;SITO INTERNET&#8221; _builder_version=&#8221;3.29.1&#8243; custom_button=&#8221;on&#8221; button_bg_color=&#8221;#024e64&#8243; background_layout=&#8221;dark&#8221; z_index_tablet=&#8221;500&#8243; button_text_shadow_horizontal_length_tablet=&#8221;0px&#8221; button_text_shadow_vertical_length_tablet=&#8221;0px&#8221; button_text_shadow_blur_strength_tablet=&#8221;1px&#8221; box_shadow_horizontal_tablet=&#8221;0px&#8221; box_shadow_vertical_tablet=&#8221;0px&#8221; box_shadow_blur_tablet=&#8221;40px&#8221; box_shadow_spread_tablet=&#8221;0px&#8221;][\/et_pb_button][et_pb_button button_url=&#8221;https:\/\/www.invallecamonica.it&#8221; url_new_window=&#8221;on&#8221; button_text=&#8221;SITO INTERNET&#8221; disabled_on=&#8221;off|off|off&#8221; admin_label=&#8221;SITO INTERNET&#8221; _builder_version=&#8221;3.29.1&#8243; custom_button=&#8221;on&#8221; button_bg_color=&#8221;#024e64&#8243; background_layout=&#8221;dark&#8221; z_index_tablet=&#8221;500&#8243; button_text_shadow_horizontal_length_tablet=&#8221;0px&#8221; button_text_shadow_vertical_length_tablet=&#8221;0px&#8221; button_text_shadow_blur_strength_tablet=&#8221;1px&#8221; box_shadow_horizontal_tablet=&#8221;0px&#8221; box_shadow_vertical_tablet=&#8221;0px&#8221; box_shadow_blur_tablet=&#8221;40px&#8221; box_shadow_spread_tablet=&#8221;0px&#8221;][\/et_pb_button][et_pb_code admin_label=&#8221;Codice GOOGLE CARTINA&#8221; _builder_version=&#8221;3.29.1&#8243; z_index_tablet=&#8221;500&#8243;]<iframe src=\"https:\/\/www.google.com\/maps\/embed?pb=!1m18!1m12!1m3!1d9004.005047828412!2d10.28782580268749!3d45.9330973099522!2m3!1f0!2f0!3f0!3m2!1i1024!2i768!4f13.1!3m3!1m2!1s0x4783cdd45373b58f%3A0x506931b35ee5a785!2sVia+Glere%2C+25040+Bienno+BS!5e1!3m2!1sit!2sit!4v1475298946937\" width=\"100%\" height=\"300\" frameborder=\"0\" style=\"border:0\" allowfullscreen><\/iframe>[\/et_pb_code][\/et_pb_column][\/et_pb_row][\/et_pb_section][et_pb_section fb_built=&#8221;1&#8243; _builder_version=&#8221;3.22&#8243; custom_padding=&#8221;0px|0px|64px|0px&#8221;][et_pb_row use_custom_gutter=&#8221;on&#8221; gutter_width=&#8221;1&#8243; module_class=&#8221; et_pb_row_fullwidth et_pb_row_fullwidth&#8221; _builder_version=&#8221;3.25&#8243; width=&#8221;100%&#8221; width_tablet=&#8221;100%&#8221; width_phone=&#8221;&#8221; width_last_edited=&#8221;on|desktop&#8221; max_width=&#8221;100%&#8221; max_width_tablet=&#8221;100%&#8221; max_width_phone=&#8221;&#8221; max_width_last_edited=&#8221;on|desktop&#8221; custom_padding=&#8221;0px|0px|32px|0px&#8221; make_fullwidth=&#8221;on&#8221; custom_width_px=&#8221;1041px&#8221;][et_pb_column type=&#8221;4_4&#8243; _builder_version=&#8221;3.0.47&#8243; background_position=&#8221;top_left&#8221; custom_padding=&#8221;|||&#8221; custom_padding__hover=&#8221;|||&#8221;][et_pb_gallery gallery_ids=&#8221;641,642&#8243; posts_number=&#8221;10&#8243; show_title_and_caption=&#8221;off&#8221; show_pagination=&#8221;off&#8221; admin_label=&#8221;Galleria FOTO&#8221; _builder_version=&#8221;3.0.66&#8243;][\/et_pb_gallery][\/et_pb_column][\/et_pb_row][et_pb_row _builder_version=&#8221;3.25&#8243; global_module=&#8221;343&#8243;][et_pb_column type=&#8221;4_4&#8243; _builder_version=&#8221;3.0.47&#8243; background_position=&#8221;top_left&#8221; custom_padding=&#8221;|||&#8221; custom_padding__hover=&#8221;|||&#8221;][et_pb_image src=&#8221;https:\/\/www.lopanner.com\/brescia\/wp-content\/uploads\/2017\/09\/intangiblesearch.png&#8221; url=&#8221;http:\/\/www.intangiblesearch.eu\/show_ich_detail.php?db_name=intangible_search&#038;lingua=italiano&#038;idk=ICH-DST00-0000000292&#8243; url_new_window=&#8221;on&#8221; align=&#8221;center&#8221; align_tablet=&#8221;center&#8221; align_phone=&#8221;&#8221; align_last_edited=&#8221;on|desktop&#8221; admin_label=&#8221;LOGO INSTANGIBLE SEARCH&#8221; _builder_version=&#8221;3.29.1&#8243; width=&#8221;400px&#8221; max_width=&#8221;400px&#8221; animation=&#8221;off&#8221;]<\/p>\n<p>&nbsp;<\/p>\n<p>[\/et_pb_image][et_pb_image src=&#8221;https:\/\/www.lopanner.com\/brescia\/wp-content\/uploads\/2017\/08\/Loghi-generali2020_web.jpg&#8221; title_text=&#8221;Loghi-generali2020_web&#8221; align=&#8221;center&#8221; align_tablet=&#8221;center&#8221; align_phone=&#8221;&#8221; align_last_edited=&#8221;on|desktop&#8221; admin_label=&#8221;LOGHI UNIONE EUROPEA&#8221; _builder_version=&#8221;4.6.1&#8243; animation=&#8221;off&#8221;]<\/p>\n<p>&nbsp;<\/p>\n<p>[\/et_pb_image][\/et_pb_column][\/et_pb_row][\/et_pb_section]<\/p>\n","protected":false},"excerpt":{"rendered":"<p>[et_pb_section fb_built=&#8221;1&#8243; fullwidth=&#8221;on&#8221; _builder_version=&#8221;3.0.66&#8243; background_color=&#8221;#e02b20&#8243; global_module=&#8221;247&#8243;][et_pb_fullwidth_image src=&#8221;https:\/\/www.lopanner.com\/brescia\/wp-content\/uploads\/2017\/08\/img_forni3.jpg&#8221; disabled_on=&#8221;on|on|&#8221; admin_label=&#8221;Immagine a Larghezza Intera x desktop&#8221; _builder_version=&#8221;3.0.87&#8243; animation=&#8221;off&#8221; border_style=&#8221;solid&#8221;][\/et_pb_fullwidth_image][et_pb_fullwidth_image src=&#8221;https:\/\/www.lopanner.com\/brescia\/wp-content\/uploads\/2017\/09\/Pane_nero.jpg&#8221; disabled_on=&#8221;||on&#8221; admin_label=&#8221;Immagine a Larghezza Intera x mobile&#8221; _builder_version=&#8221;3.0.87&#8243; animation=&#8221;off&#8221; border_style=&#8221;solid&#8221;][\/et_pb_fullwidth_image][\/et_pb_section][et_pb_section fb_built=&#8221;1&#8243; _builder_version=&#8221;3.22&#8243; custom_padding=&#8221;30px|0px|40px|0px&#8221;][et_pb_row _builder_version=&#8221;3.25&#8243; background_size=&#8221;initial&#8221; background_position=&#8221;top_left&#8221; background_repeat=&#8221;repeat&#8221; custom_padding=&#8221;32px|0px|15px|0px&#8221;][et_pb_column type=&#8221;4_4&#8243; _builder_version=&#8221;3.0.47&#8243; custom_padding=&#8221;|||&#8221; custom_padding__hover=&#8221;|||&#8221;][et_pb_text admin_label=&#8221;NOME FORNO&#8221; _builder_version=&#8221;3.27.4&#8243; header_font_size=&#8221;40px&#8221; header_font_size_tablet=&#8221;&#8221; header_font_size_phone=&#8221;25px&#8221; header_font_size_last_edited=&#8221;on|phone&#8221;] Mulino di Bienno [\/et_pb_text][et_pb_text admin_label=&#8221;INDIRIZZO FORNO&#8221; _builder_version=&#8221;3.27.4&#8243;] Via [&hellip;]<\/p>\n","protected":false},"author":1,"featured_media":0,"parent":0,"menu_order":0,"comment_status":"closed","ping_status":"closed","template":"","meta":{"_et_pb_use_builder":"on","_et_pb_old_content":"","_et_gb_content_width":""},"_links":{"self":[{"href":"https:\/\/www.lopanner.com\/brescia\/wp-json\/wp\/v2\/pages\/640"}],"collection":[{"href":"https:\/\/www.lopanner.com\/brescia\/wp-json\/wp\/v2\/pages"}],"about":[{"href":"https:\/\/www.lopanner.com\/brescia\/wp-json\/wp\/v2\/types\/page"}],"author":[{"embeddable":true,"href":"https:\/\/www.lopanner.com\/brescia\/wp-json\/wp\/v2\/users\/1"}],"replies":[{"embeddable":true,"href":"https:\/\/www.lopanner.com\/brescia\/wp-json\/wp\/v2\/comments?post=640"}],"version-history":[{"count":10,"href":"https:\/\/www.lopanner.com\/brescia\/wp-json\/wp\/v2\/pages\/640\/revisions"}],"predecessor-version":[{"id":1618,"href":"https:\/\/www.lopanner.com\/brescia\/wp-json\/wp\/v2\/pages\/640\/revisions\/1618"}],"wp:attachment":[{"href":"https:\/\/www.lopanner.com\/brescia\/wp-json\/wp\/v2\/media?parent=640"}],"curies":[{"name":"wp","href":"https:\/\/api.w.org\/{rel}","templated":true}]}}