{"id":575,"date":"2017-09-11T12:28:44","date_gmt":"2017-09-11T10:28:44","guid":{"rendered":"http:\/\/www.lopanner.com\/valposchiavo\/?page_id=575"},"modified":"2025-10-03T08:58:14","modified_gmt":"2025-10-03T06:58:14","slug":"casa-tome","status":"publish","type":"page","link":"https:\/\/www.lopanner.com\/valposchiavo\/casa-tome\/","title":{"rendered":"Casa Tom\u00e9"},"content":{"rendered":"<p>[et_pb_section fb_built=&#8221;1&#8243; fullwidth=&#8221;on&#8221; _builder_version=&#8221;3.0.66&#8243; background_color=&#8221;#e02b20&#8243; global_module=&#8221;247&#8243;][et_pb_fullwidth_image src=&#8221;https:\/\/www.lopanner.com\/valposchiavo\/wp-content\/uploads\/2017\/08\/img_forni3.jpg&#8221; disabled_on=&#8221;on|on|&#8221; _builder_version=&#8221;3.0.87&#8243; animation=&#8221;off&#8221; border_style=&#8221;solid&#8221;][\/et_pb_fullwidth_image][et_pb_fullwidth_image src=&#8221;https:\/\/www.lopanner.com\/valposchiavo\/wp-content\/uploads\/2017\/09\/Pane_nero.jpg&#8221; disabled_on=&#8221;||on&#8221; _builder_version=&#8221;3.0.87&#8243; animation=&#8221;off&#8221; border_style=&#8221;solid&#8221;][\/et_pb_fullwidth_image][\/et_pb_section][et_pb_section fb_built=&#8221;1&#8243; _builder_version=&#8221;3.22&#8243; custom_padding=&#8221;30px|0px|40px|0px&#8221;][et_pb_row _builder_version=&#8221;3.25&#8243; background_size=&#8221;initial&#8221; background_position=&#8221;top_left&#8221; background_repeat=&#8221;repeat&#8221; custom_padding=&#8221;32px|0px|15px|0px&#8221;][et_pb_column type=&#8221;4_4&#8243; _builder_version=&#8221;3.0.47&#8243; custom_padding=&#8221;|||&#8221; custom_padding__hover=&#8221;|||&#8221;][et_pb_text admin_label=&#8221;I FORNI DELLA FESTA DE LO PAN NER&#8221; _builder_version=&#8221;3.27.4&#8243; header_font_size=&#8221;40px&#8221; header_font_size_tablet=&#8221;&#8221; header_font_size_phone=&#8221;25px&#8221; header_font_size_last_edited=&#8221;on|phone&#8221; border_style=&#8221;solid&#8221;]<\/p>\n<h1 style=\"text-align: center;\"><strong>Casa Tom\u00e9<\/strong><\/h1>\n<p>[\/et_pb_text][et_pb_text admin_label=&#8221;NOME FORNO&#8221; _builder_version=&#8221;3.27.4&#8243; border_style=&#8221;solid&#8221;]<\/p>\n<h1 style=\"text-align: center;\"><strong>Via di Puntunai, 7742 Poschiavo &#8211; CH Grigioni<\/strong><\/h1>\n<p>[\/et_pb_text][\/et_pb_column][\/et_pb_row][et_pb_row _builder_version=&#8221;3.25&#8243; background_size=&#8221;initial&#8221; background_position=&#8221;top_left&#8221; background_repeat=&#8221;repeat&#8221; column_structure=&#8221;1_2,1_2&#8243;][et_pb_column type=&#8221;1_2&#8243; _builder_version=&#8221;3.0.47&#8243; custom_padding=&#8221;|||&#8221; custom_padding__hover=&#8221;|||&#8221;][et_pb_text _builder_version=&#8221;3.27.4&#8243; text_font_size=&#8221;19&#8243; text_line_height=&#8221;1.8em&#8221; border_style=&#8221;solid&#8221;]<\/p>\n<p>\nCasa Tom\u00e9 \u00e8 uno degli edifici contadini pi\u00f9 antichi e meglio conservati dell\u2019arco alpino. \u00c8 una casa rurale di origini medievali (1350 circa) situata in un contesto interamente urbanizzato, nel centro del borgo di Poschiavo. Completamente trascurata, \u00e8 stata abitata fino al 1990 circa \u2013 in condizioni anacronistiche \u2013 da una famiglia singolare che ne ha determinato le sorti per quasi un secolo.<\/p>\n<p>[\/et_pb_text][\/et_pb_column][et_pb_column type=&#8221;1_2&#8243; _builder_version=&#8221;3.0.47&#8243; custom_padding=&#8221;|||&#8221; custom_padding__hover=&#8221;|||&#8221;][et_pb_text _builder_version=&#8221;3.27.4&#8243; text_font_size=&#8221;19&#8243; text_line_height=&#8221;1.8em&#8221; border_style=&#8221;solid&#8221;]<\/p>\n<p>\nDal 1993 \u00e8 sotto la protezione dell\u2019Ufficio dei monumenti storici.<br \/>\u00c8\u00a0uno dei poli del Museo etnografico del Borgo di Poschiavo.<\/p>\n<p>[\/et_pb_text][\/et_pb_column][\/et_pb_row][\/et_pb_section][et_pb_section fb_built=&#8221;1&#8243; _builder_version=&#8221;3.22&#8243; custom_padding=&#8221;0px|0px|64px|0px&#8221;][et_pb_row use_custom_gutter=&#8221;on&#8221; gutter_width=&#8221;1&#8243; module_class=&#8221; et_pb_row_fullwidth et_pb_row_fullwidth et_pb_row_fullwidth&#8221; _builder_version=&#8221;3.25&#8243; width=&#8221;100%&#8221; width_tablet=&#8221;100%&#8221; width_phone=&#8221;&#8221; width_last_edited=&#8221;on|desktop&#8221; max_width=&#8221;100%&#8221; max_width_tablet=&#8221;100%&#8221; max_width_phone=&#8221;&#8221; max_width_last_edited=&#8221;on|desktop&#8221; custom_padding=&#8221;0px|0px|32px|0px&#8221; make_fullwidth=&#8221;on&#8221; custom_width_px=&#8221;1041px&#8221;][et_pb_column type=&#8221;4_4&#8243; _builder_version=&#8221;3.0.47&#8243; background_position=&#8221;top_left&#8221; custom_padding=&#8221;|||&#8221; custom_padding__hover=&#8221;|||&#8221;][et_pb_gallery gallery_ids=&#8221;586,587,588,589,590,591&#8243; posts_number=&#8221;10&#8243; show_title_and_caption=&#8221;off&#8221; show_pagination=&#8221;off&#8221; zoom_icon_color=&#8221;#2ea3f2&#8243; _builder_version=&#8221;3.0.87&#8243; border_style=&#8221;solid&#8221;][\/et_pb_gallery][\/et_pb_column][\/et_pb_row][et_pb_row use_custom_gutter=&#8221;on&#8221; gutter_width=&#8221;1&#8243; module_class=&#8221; et_pb_row_fullwidth et_pb_row_fullwidth et_pb_row_fullwidth&#8221; _builder_version=&#8221;3.25&#8243; background_image=&#8221;https:\/\/www.lopanner.com\/valposchiavo\/wp-content\/uploads\/2017\/09\/texture.png&#8221; background_position=&#8221;top_left&#8221; background_repeat=&#8221;repeat&#8221; width=&#8221;100%&#8221; width_tablet=&#8221;100%&#8221; width_phone=&#8221;&#8221; width_last_edited=&#8221;on|desktop&#8221; max_width=&#8221;100%&#8221; max_width_tablet=&#8221;100%&#8221; max_width_phone=&#8221;&#8221; max_width_last_edited=&#8221;on|desktop&#8221; custom_padding=&#8221;32px|0px|22px|0px&#8221; make_fullwidth=&#8221;on&#8221;][et_pb_column type=&#8221;4_4&#8243; _builder_version=&#8221;3.0.47&#8243; background_position=&#8221;top_left&#8221; custom_padding=&#8221;|||&#8221; custom_padding__hover=&#8221;|||&#8221;][et_pb_text admin_label=&#8221;DOVE&#8221; _builder_version=&#8221;3.27.4&#8243;]<\/p>\n<h1 style=\"text-align: center;\"><strong>DOVE<\/strong><\/h1>\n<p>[\/et_pb_text][\/et_pb_column][\/et_pb_row][et_pb_row _builder_version=&#8221;3.25&#8243; background_size=&#8221;initial&#8221; background_position=&#8221;top_left&#8221; background_repeat=&#8221;repeat&#8221;][et_pb_column type=&#8221;4_4&#8243; _builder_version=&#8221;3.0.47&#8243; background_position=&#8221;top_left&#8221; custom_padding=&#8221;|||&#8221; custom_padding__hover=&#8221;|||&#8221;][et_pb_code text_orientation=&#8221;left&#8221;]<iframe src=\"https:\/\/www.google.com\/maps\/embed?pb=!1m18!1m12!1m3!1d17880.227545076003!2d10.039688337477896!3d46.32533318359168!2m3!1f0!2f0!3f0!3m2!1i1024!2i768!4f13.1!3m3!1m2!1s0x47839e9815219769%3A0x3d98172d2caf3fb3!2sVia+di+Puntunai%2C+7742+Poschiavo%2C+Svizzera!5e1!3m2!1sit!2sit!4v1475638678659\" width=\"100%\" height=\"450\" frameborder=\"0\" style=\"border:0\" allowfullscreen><\/iframe>[\/et_pb_code][\/et_pb_column][\/et_pb_row][et_pb_row _builder_version=&#8221;3.25&#8243; global_module=&#8221;343&#8243;][et_pb_column type=&#8221;4_4&#8243; _builder_version=&#8221;3.0.47&#8243; background_position=&#8221;top_left&#8221; custom_padding=&#8221;|||&#8221; custom_padding__hover=&#8221;|||&#8221;][et_pb_image src=&#8221;https:\/\/www.lopanner.com\/valposchiavo\/wp-content\/uploads\/2017\/09\/intangiblesearch.png&#8221; url=&#8221;http:\/\/www.intangiblesearch.eu\/show_ich_detail.php?db_name=intangible_search&#038;lingua=italiano&#038;idk=ICH-DST00-0000000292&#8243; url_new_window=&#8221;on&#8221; align=&#8221;center&#8221; align_tablet=&#8221;center&#8221; align_phone=&#8221;&#8221; align_last_edited=&#8221;on|desktop&#8221; admin_label=&#8221;LOGO INSTANGIBLE SEARCH&#8221; _builder_version=&#8221;3.29.1&#8243; width=&#8221;400px&#8221; max_width=&#8221;400px&#8221; animation=&#8221;off&#8221; border_style=&#8221;solid&#8221; sticky=&#8221;off&#8221; always_center_on_mobile=&#8221;on&#8221;][\/et_pb_image][et_pb_image src=&#8221;https:\/\/www.lopanner.com\/valposchiavo\/wp-content\/uploads\/2022\/09\/Loghi-generali2022_web.jpg&#8221; title_text=&#8221;Loghi-generali2022_web&#8221; align=&#8221;center&#8221; align_tablet=&#8221;center&#8221; align_phone=&#8221;&#8221; align_last_edited=&#8221;on|desktop&#8221; admin_label=&#8221;LOGHI UNIONE EUROPEA&#8221; _builder_version=&#8221;4.6.1&#8243; animation=&#8221;off&#8221; border_style=&#8221;solid&#8221; sticky=&#8221;off&#8221; always_center_on_mobile=&#8221;on&#8221;][\/et_pb_image][\/et_pb_column][\/et_pb_row][\/et_pb_section]<\/p>\n","protected":false},"excerpt":{"rendered":"<p>[et_pb_section fb_built=&#8221;1&#8243; fullwidth=&#8221;on&#8221; _builder_version=&#8221;3.0.66&#8243; background_color=&#8221;#e02b20&#8243; global_module=&#8221;247&#8243;][et_pb_fullwidth_image src=&#8221;https:\/\/www.lopanner.com\/valposchiavo\/wp-content\/uploads\/2017\/08\/img_forni3.jpg&#8221; disabled_on=&#8221;on|on|&#8221; _builder_version=&#8221;3.0.87&#8243; animation=&#8221;off&#8221; border_style=&#8221;solid&#8221;][\/et_pb_fullwidth_image][et_pb_fullwidth_image src=&#8221;https:\/\/www.lopanner.com\/valposchiavo\/wp-content\/uploads\/2017\/09\/Pane_nero.jpg&#8221; disabled_on=&#8221;||on&#8221; _builder_version=&#8221;3.0.87&#8243; animation=&#8221;off&#8221; border_style=&#8221;solid&#8221;][\/et_pb_fullwidth_image][\/et_pb_section][et_pb_section fb_built=&#8221;1&#8243; _builder_version=&#8221;3.22&#8243; custom_padding=&#8221;30px|0px|40px|0px&#8221;][et_pb_row _builder_version=&#8221;3.25&#8243; background_size=&#8221;initial&#8221; background_position=&#8221;top_left&#8221; background_repeat=&#8221;repeat&#8221; custom_padding=&#8221;32px|0px|15px|0px&#8221;][et_pb_column type=&#8221;4_4&#8243; _builder_version=&#8221;3.0.47&#8243; custom_padding=&#8221;|||&#8221; custom_padding__hover=&#8221;|||&#8221;][et_pb_text admin_label=&#8221;I FORNI DELLA FESTA DE LO PAN NER&#8221; _builder_version=&#8221;3.27.4&#8243; header_font_size=&#8221;40px&#8221; header_font_size_tablet=&#8221;&#8221; header_font_size_phone=&#8221;25px&#8221; header_font_size_last_edited=&#8221;on|phone&#8221; border_style=&#8221;solid&#8221;] Casa Tom\u00e9 [\/et_pb_text][et_pb_text admin_label=&#8221;NOME FORNO&#8221; _builder_version=&#8221;3.27.4&#8243; border_style=&#8221;solid&#8221;] Via di Puntunai, 7742 Poschiavo &#8211; [&hellip;]<\/p>\n","protected":false},"author":1,"featured_media":0,"parent":0,"menu_order":0,"comment_status":"closed","ping_status":"closed","template":"","meta":{"_et_pb_use_builder":"on","_et_pb_old_content":"","_et_gb_content_width":""},"_links":{"self":[{"href":"https:\/\/www.lopanner.com\/valposchiavo\/wp-json\/wp\/v2\/pages\/575"}],"collection":[{"href":"https:\/\/www.lopanner.com\/valposchiavo\/wp-json\/wp\/v2\/pages"}],"about":[{"href":"https:\/\/www.lopanner.com\/valposchiavo\/wp-json\/wp\/v2\/types\/page"}],"author":[{"embeddable":true,"href":"https:\/\/www.lopanner.com\/valposchiavo\/wp-json\/wp\/v2\/users\/1"}],"replies":[{"embeddable":true,"href":"https:\/\/www.lopanner.com\/valposchiavo\/wp-json\/wp\/v2\/comments?post=575"}],"version-history":[{"count":11,"href":"https:\/\/www.lopanner.com\/valposchiavo\/wp-json\/wp\/v2\/pages\/575\/revisions"}],"predecessor-version":[{"id":912,"href":"https:\/\/www.lopanner.com\/valposchiavo\/wp-json\/wp\/v2\/pages\/575\/revisions\/912"}],"wp:attachment":[{"href":"https:\/\/www.lopanner.com\/valposchiavo\/wp-json\/wp\/v2\/media?parent=575"}],"curies":[{"name":"wp","href":"https:\/\/api.w.org\/{rel}","templated":true}]}}